{"id":967,"date":"2011-01-18T18:03:08","date_gmt":"2011-01-18T16:03:08","guid":{"rendered":"http:\/\/www.creativedirector.se\/blog\/"},"modified":"2011-01-18T18:03:08","modified_gmt":"2011-01-18T16:03:08","slug":"lediga-jobbuppdrag","status":"publish","type":"page","link":"https:\/\/www.creativedirector.se\/blog\/lediga-jobbuppdrag\/","title":{"rendered":"Lediga jobb\/uppdrag"},"content":{"rendered":"<p>Under denna rubriken kommer lediga jobb att finnas.<\/p>\n<p>&#8211; &#8211; &#8211; &#8211; &#8211; &#8211; &#8211; &#8211; &#8211; &#8211; &#8211; &#8211; &#8211; &#8211; &#8211; &#8211; &#8211; &#8211; &#8211; &#8211; &#8211; &#8211; &#8211; &#8211; &#8211; &#8211; &#8211; &#8211; &#8211; &#8211; &#8211; &#8211; &#8211; &#8211; &#8211; &#8211; &#8211; &#8211; &#8211; &#8211; &#8211; &#8211; &#8211; &#8211; &#8211; &#8211; &#8211; &#8211; &#8211; &#8211; &#8211; <\/p>\n<p><strong>S\u00e4ljare\/S\u00e4ljbolag s\u00f6kes inom web\/sociala medier.<\/strong><br \/>\nS\u00f6ker s\u00e4ljare\/s\u00e4ljbolag som kan kontakta och dra in nya kunder.<br \/>\nM\u00e5lgruppen \u00e4r mindre f\u00f6retag som saknar intern marknadsavdelning men som vill ha en extern marknadsavdelning\/marknadschef. Procentsats p\u00e5 varje uppdrag. Ju st\u00f6rre uppdrag ju st\u00f6rre kickback. <\/p>\n<p>Skicka ett e-mail till jobb@creativedirector.se  ange referensen 01<\/p>\n<p>&#8211; &#8211; &#8211; &#8211; &#8211; &#8211; &#8211; &#8211; &#8211; &#8211; &#8211; &#8211; &#8211; &#8211; &#8211; &#8211; &#8211; &#8211; &#8211; &#8211; &#8211; &#8211; &#8211; &#8211; &#8211; &#8211; &#8211; &#8211; &#8211; &#8211; &#8211; &#8211; &#8211; &#8211; &#8211; &#8211; &#8211; &#8211; &#8211; &#8211; &#8211; &#8211; &#8211; &#8211; &#8211; &#8211; &#8211; &#8211; &#8211; &#8211; &#8211; <\/p>\n","protected":false},"excerpt":{"rendered":"<p>Under denna rubriken kommer lediga jobb att finnas. &#8211; &#8211; &#8211; &#8211; &#8211; &#8211; &#8211; &#8211; &#8211; &#8211; &#8211; &#8211; &#8211; &#8211; &#8211; &#8211; &#8211; &#8211; &#8211; &#8211; &#8211; &#8211; &#8211; &#8211; &#8211; &#8211; &#8211; &#8211; &#8211; &#8211; &#8211; &#8211; &#8211; &#8211; &#8211; &#8211; &#8211; &#8211; &#8211; &#8211; &#8211; &#8211; &#8211; &#8211; &#8211; &#8211; &#8211; [&hellip;]<\/p>\n","protected":false},"author":1,"featured_media":0,"parent":0,"menu_order":0,"comment_status":"open","ping_status":"open","template":"","meta":{"footnotes":""},"class_list":["post-967","page","type-page","status-publish","hentry"],"aioseo_notices":[],"_links":{"self":[{"href":"https:\/\/www.creativedirector.se\/blog\/wp-json\/wp\/v2\/pages\/967","targetHints":{"allow":["GET"]}}],"collection":[{"href":"https:\/\/www.creativedirector.se\/blog\/wp-json\/wp\/v2\/pages"}],"about":[{"href":"https:\/\/www.creativedirector.se\/blog\/wp-json\/wp\/v2\/types\/page"}],"author":[{"embeddable":true,"href":"https:\/\/www.creativedirector.se\/blog\/wp-json\/wp\/v2\/users\/1"}],"replies":[{"embeddable":true,"href":"https:\/\/www.creativedirector.se\/blog\/wp-json\/wp\/v2\/comments?post=967"}],"version-history":[{"count":4,"href":"https:\/\/www.creativedirector.se\/blog\/wp-json\/wp\/v2\/pages\/967\/revisions"}],"predecessor-version":[{"id":971,"href":"https:\/\/www.creativedirector.se\/blog\/wp-json\/wp\/v2\/pages\/967\/revisions\/971"}],"wp:attachment":[{"href":"https:\/\/www.creativedirector.se\/blog\/wp-json\/wp\/v2\/media?parent=967"}],"curies":[{"name":"wp","href":"https:\/\/api.w.org\/{rel}","templated":true}]}}