{"id":787,"date":"2010-12-11T19:44:10","date_gmt":"2010-12-11T17:44:10","guid":{"rendered":"http:\/\/www.creativedirector.se\/blog\/"},"modified":"2010-12-11T19:46:52","modified_gmt":"2010-12-11T17:46:52","slug":"applebon","status":"publish","type":"page","link":"https:\/\/www.creativedirector.se\/blog\/applebon\/","title":{"rendered":"Appleb\u00f6n"},"content":{"rendered":"<p>Vi tror p\u00e5 Steve Jobs allsm\u00e4ktig,<br \/>\ndatorns och Apple&#8217;s skapare.<\/p>\n<p>Vi tror ock p\u00e5 Mac OS,<br \/>\nhans enf\u00f6dde Son, v\u00e5rt operativsystem,<br \/>\nvilken \u00e4r avlad av den heliga kod,<br \/>\nf\u00f6dd av Steve Jobs,<br \/>\npinad under Bill Gates,<br \/>\nkorsf\u00e4st, men aldrig d\u00f6d och begraven,<br \/>\nnederstigen till d\u00f6dsriket,<br \/>\np\u00e5 tredje dagen uppst\u00e5nden igen med iPod,<br \/>\nuppstigen till himmelen,<br \/>\nsittande p\u00e5 allsm\u00e4ktig Steve Jobs h\u00f6gra sida,<br \/>\nd\u00e4rifr\u00e5n igenkommande till att d\u00f6ma<br \/>\nWindows och Flash.<\/p>\n<p>Vi tror ock p\u00e5 en iPhone,<br \/>\nen helig allm\u00e4nnelig Mac Store,<br \/>\nden heliga Macen, iPad, inga problem och ett virusfritt liv.<br \/>\nAmen.<\/p>\n","protected":false},"excerpt":{"rendered":"<p>Vi tror p\u00e5 Steve Jobs allsm\u00e4ktig, datorns och Apple&#8217;s skapare. Vi tror ock p\u00e5 Mac OS, hans enf\u00f6dde Son, v\u00e5rt operativsystem, vilken \u00e4r avlad av den heliga kod, f\u00f6dd av Steve Jobs, pinad under Bill Gates, korsf\u00e4st, men aldrig d\u00f6d och begraven, nederstigen till d\u00f6dsriket, p\u00e5 tredje dagen uppst\u00e5nden igen med iPod, uppstigen till himmelen, [&hellip;]<\/p>\n","protected":false},"author":1,"featured_media":0,"parent":0,"menu_order":0,"comment_status":"open","ping_status":"open","template":"","meta":{"footnotes":""},"class_list":["post-787","page","type-page","status-publish","hentry"],"aioseo_notices":[],"_links":{"self":[{"href":"https:\/\/www.creativedirector.se\/blog\/wp-json\/wp\/v2\/pages\/787","targetHints":{"allow":["GET"]}}],"collection":[{"href":"https:\/\/www.creativedirector.se\/blog\/wp-json\/wp\/v2\/pages"}],"about":[{"href":"https:\/\/www.creativedirector.se\/blog\/wp-json\/wp\/v2\/types\/page"}],"author":[{"embeddable":true,"href":"https:\/\/www.creativedirector.se\/blog\/wp-json\/wp\/v2\/users\/1"}],"replies":[{"embeddable":true,"href":"https:\/\/www.creativedirector.se\/blog\/wp-json\/wp\/v2\/comments?post=787"}],"version-history":[{"count":3,"href":"https:\/\/www.creativedirector.se\/blog\/wp-json\/wp\/v2\/pages\/787\/revisions"}],"predecessor-version":[{"id":790,"href":"https:\/\/www.creativedirector.se\/blog\/wp-json\/wp\/v2\/pages\/787\/revisions\/790"}],"wp:attachment":[{"href":"https:\/\/www.creativedirector.se\/blog\/wp-json\/wp\/v2\/media?parent=787"}],"curies":[{"name":"wp","href":"https:\/\/api.w.org\/{rel}","templated":true}]}}