{"id":376,"date":"2010-08-27T16:15:29","date_gmt":"2010-08-27T16:15:29","guid":{"rendered":"http:\/\/www.creativedirector.se\/blog\/"},"modified":"2010-08-27T16:15:29","modified_gmt":"2010-08-27T16:15:29","slug":"tips-regler","status":"publish","type":"page","link":"https:\/\/www.creativedirector.se\/blog\/tips-regler\/","title":{"rendered":"TIPS &#038; REGLER"},"content":{"rendered":"<p>Kanske l\u00e4ge f\u00f6r lite regler och tips f\u00f6r den delen.<\/p>\n<p>Skriver ni en kommentar se till att den f\u00f6ljer svensk lagstiftning.<\/p>\n<p>Skriver ni en kommentar s\u00e5 anv\u00e4nd gemener och versaler!<\/p>\n<p>Debattera p\u00e5 den niv\u00e5n ni vill ha det hemma hos er. Svordomar och annat rent trams fastnar direkt i spamfiltret.<\/p>\n","protected":false},"excerpt":{"rendered":"<p>Kanske l\u00e4ge f\u00f6r lite regler och tips f\u00f6r den delen. Skriver ni en kommentar se till att den f\u00f6ljer svensk lagstiftning. Skriver ni en kommentar s\u00e5 anv\u00e4nd gemener och versaler! Debattera p\u00e5 den niv\u00e5n ni vill ha det hemma hos er. Svordomar och annat rent trams fastnar direkt i spamfiltret.<\/p>\n","protected":false},"author":1,"featured_media":0,"parent":0,"menu_order":0,"comment_status":"closed","ping_status":"closed","template":"","meta":{"footnotes":""},"class_list":["post-376","page","type-page","status-publish","hentry"],"aioseo_notices":[],"_links":{"self":[{"href":"https:\/\/www.creativedirector.se\/blog\/wp-json\/wp\/v2\/pages\/376","targetHints":{"allow":["GET"]}}],"collection":[{"href":"https:\/\/www.creativedirector.se\/blog\/wp-json\/wp\/v2\/pages"}],"about":[{"href":"https:\/\/www.creativedirector.se\/blog\/wp-json\/wp\/v2\/types\/page"}],"author":[{"embeddable":true,"href":"https:\/\/www.creativedirector.se\/blog\/wp-json\/wp\/v2\/users\/1"}],"replies":[{"embeddable":true,"href":"https:\/\/www.creativedirector.se\/blog\/wp-json\/wp\/v2\/comments?post=376"}],"version-history":[{"count":1,"href":"https:\/\/www.creativedirector.se\/blog\/wp-json\/wp\/v2\/pages\/376\/revisions"}],"predecessor-version":[{"id":377,"href":"https:\/\/www.creativedirector.se\/blog\/wp-json\/wp\/v2\/pages\/376\/revisions\/377"}],"wp:attachment":[{"href":"https:\/\/www.creativedirector.se\/blog\/wp-json\/wp\/v2\/media?parent=376"}],"curies":[{"name":"wp","href":"https:\/\/api.w.org\/{rel}","templated":true}]}}