{"id":14,"date":"2010-07-28T15:53:48","date_gmt":"2010-07-28T15:53:48","guid":{"rendered":"http:\/\/www.creativedirector.se\/blog\/"},"modified":"2010-07-30T03:32:17","modified_gmt":"2010-07-30T03:32:17","slug":"om","status":"publish","type":"page","link":"https:\/\/www.creativedirector.se\/blog\/om\/","title":{"rendered":"OM"},"content":{"rendered":"<p>Hur skall man beskriva sig?<\/p>\n<p>Det finns alltid en risk det p\u00e5minner om en kontaktannons. Fast s\u00e5 kul skall vi inte ha det, eller?<\/p>\n<p>Ibland \u00e4r det sk\u00f6nt att inte springa runt med sitt namn utan man glider fram med sin titel. Lite s\u00e5 jag valde min blogg.<\/p>\n<p>N\u00e5ja.<\/p>\n<p>F\u00f6dd i Sverige. Arbetat i USA, Danmark &amp; Sverige.<\/p>\n<p>Hoppl\u00f6st f\u00f6r\u00e4lskad i USA. P\u00e5 gott och ont.<\/p>\n<p>Bloggar f\u00f6r min egen skull. Ingen annans.<\/p>\n<p><strong>[si-contact-form form=&#8217;1&#8242;]<\/strong><\/p>\n","protected":false},"excerpt":{"rendered":"<p>Hur skall man beskriva sig? Det finns alltid en risk det p\u00e5minner om en kontaktannons. Fast s\u00e5 kul skall vi inte ha det, eller? Ibland \u00e4r det sk\u00f6nt att inte springa runt med sitt namn utan man glider fram med sin titel. Lite s\u00e5 jag valde min blogg. N\u00e5ja. F\u00f6dd i Sverige. Arbetat i USA, [&hellip;]<\/p>\n","protected":false},"author":1,"featured_media":0,"parent":0,"menu_order":0,"comment_status":"open","ping_status":"open","template":"","meta":{"footnotes":""},"class_list":["post-14","page","type-page","status-publish","hentry"],"aioseo_notices":[],"_links":{"self":[{"href":"https:\/\/www.creativedirector.se\/blog\/wp-json\/wp\/v2\/pages\/14","targetHints":{"allow":["GET"]}}],"collection":[{"href":"https:\/\/www.creativedirector.se\/blog\/wp-json\/wp\/v2\/pages"}],"about":[{"href":"https:\/\/www.creativedirector.se\/blog\/wp-json\/wp\/v2\/types\/page"}],"author":[{"embeddable":true,"href":"https:\/\/www.creativedirector.se\/blog\/wp-json\/wp\/v2\/users\/1"}],"replies":[{"embeddable":true,"href":"https:\/\/www.creativedirector.se\/blog\/wp-json\/wp\/v2\/comments?post=14"}],"version-history":[{"count":3,"href":"https:\/\/www.creativedirector.se\/blog\/wp-json\/wp\/v2\/pages\/14\/revisions"}],"predecessor-version":[{"id":16,"href":"https:\/\/www.creativedirector.se\/blog\/wp-json\/wp\/v2\/pages\/14\/revisions\/16"}],"wp:attachment":[{"href":"https:\/\/www.creativedirector.se\/blog\/wp-json\/wp\/v2\/media?parent=14"}],"curies":[{"name":"wp","href":"https:\/\/api.w.org\/{rel}","templated":true}]}}